{"id":351,"date":"2014-09-06T21:08:12","date_gmt":"2014-09-06T19:08:12","guid":{"rendered":"http:\/\/www.music-engine.eu\/services\/update\/"},"modified":"2025-07-21T23:45:26","modified_gmt":"2025-07-21T21:45:26","slug":"update","status":"publish","type":"page","link":"https:\/\/www.music-engine.eu\/en\/services\/update\/","title":{"rendered":"Update"},"content":{"rendered":"<div class=\"wpb-content-wrapper\">[vc_row][vc_column]<div class=\"vcex-spacing wpex-w-100 wpex-clear\" style=\"height:20px;\"><\/div>[vc_text_separator title=&#8221;Online Update&#8221; style=&#8221;one&#8221; element_type=&#8221;h2&#8243;][vc_column_text css=&#8221;&#8221;]Our online update service is available to all our clients in the convenient and user friendly style we are known for. It is an automatic background download of recently added songs. Songs are automatically added to existing playlists of the same style and an automatic update of the Music Engine Software is included &#8211; simple viewing of the new songs.<\/p>\n<p><strong>If you wish to use our online update service, please note the following requirements:<br \/>\n<\/strong><\/p>\n<ol>\n<li>Last update 144 or higher (for existing clients)<\/li>\n<li>Working internet connection (LAN cable)<\/li>\n<li>At least 5GB of free downloads (roughly the amount of data for a monthly update, to avoid additional costs by internet provider)<\/li>\n<li>Access data for our online update service (this data will be generated by us and sent to you by post after your purchase)<\/li>\n<\/ol>\n[\/vc_column_text]<div class=\"vcex-spacing wpex-w-100 wpex-clear\" style=\"height:50px;\"><\/div>[\/vc_column][\/vc_row][vc_row content_placement=&#8221;middle&#8221;][vc_column width=&#8221;1\/3&#8243;][vc_single_image image=&#8221;1766&#8243; css=&#8221;&#8221;][\/vc_column][vc_column width=&#8221;2\/3&#8243;]<div class=\"vcex-spacing wpex-w-100 wpex-clear\" style=\"height:50px;\"><\/div><style>.vcex-icon-box.vcex_69f434a758c16 .vcex-icon-box-icon{font-size:30px;color:#b90000;}<\/style><div class=\"vcex-module vcex-icon-box vcex-icon-box-one wpex-flex wpex-text-left vcex_69f434a758c16\"><div class=\"vcex-icon-box-symbol vcex-icon-box-symbol--icon wpex-flex-shrink-0 wpex-mr-20\"><div class=\"vcex-icon-box-icon wpex-items-center wpex-justify-center wpex-child-inherit-color wpex-text-center wpex-leading-none wpex-flex wpex-text-1\"><span class=\"wpex-flex wpex-icon--w wpex-icon\" aria-hidden=\"true\"><svg xmlns=\"http:\/\/www.w3.org\/2000\/svg\" viewBox=\"0 0 512 512\"><path d=\"M288 32c0-17.7-14.3-32-32-32s-32 14.3-32 32V274.7l-73.4-73.4c-12.5-12.5-32.8-12.5-45.3 0s-12.5 32.8 0 45.3l128 128c12.5 12.5 32.8 12.5 45.3 0l128-128c12.5-12.5 12.5-32.8 0-45.3s-32.8-12.5-45.3 0L288 274.7V32zM64 352c-35.3 0-64 28.7-64 64v32c0 35.3 28.7 64 64 64H448c35.3 0 64-28.7 64-64V416c0-35.3-28.7-64-64-64H346.5l-45.3 45.3c-25 25-65.5 25-90.5 0L165.5 352H64zm368 56a24 24 0 1 1 0 48 24 24 0 1 1 0-48z\"\/><\/svg><\/span><\/div><\/div><div class=\"vcex-icon-box-text wpex-flex-grow\"><h3 class=\"vcex-icon-box-heading wpex-heading wpex-text-md wpex-mb-10\">Documents for the online update service<\/h3><div class=\"vcex-icon-box-content wpex-last-mb-0 wpex-clr\"><p><strong><a href=\"https:\/\/www.music-engine.eu\/downloads\/MUSTER_Zugangsinformationen_ONLINE_UPDATE_MUSIC_ENGINE.PDF\" target=\"_blank\" rel=\"noopener\">Music Engine online update access information<br \/>\n<\/a><\/strong>Will be mailed to you after we receive your written confirmation for online update service activation.<\/p>\n<div>We want to know what our customers think about our services, also in the online update centre! If you have any wishes, suggestions or complaints, please contact us.<\/div>\n<\/div><\/div><\/div>[\/vc_column][\/vc_row][vc_row][vc_column]<div class=\"vcex-spacing wpex-w-100 wpex-clear\" style=\"height:50px;\"><\/div>[vc_text_separator title=&#8221;Need new music?&#8221; style=&#8221;one&#8221; element_type=&#8221;h2&#8243;]<div class=\"vcex-spacing wpex-w-100 wpex-clear\"><\/div>[vc_column_text]As a client of Music Engine, you never have to worry about the latest hits, illegal downloads or your customers\u2019 unfulfillable song requests. Since introducing our products to the European market, we have been creating the most extensive updates for our clients, with the highest quality.<\/p>\n<p>Our music department works every day to bring you the latest hits from around the world, old classics and rare recordings in a simple, neat update. Every song is fine-tuned by hand, normalised, thoroughly labelled and automatically filed into the right genre and playlist.<\/p>\n<p>Therefore, you have an organised, clean database that is 100% legal, offering maximum security for you and your customers.[\/vc_column_text]<div class=\"vcex-spacing wpex-w-100 wpex-clear\" style=\"height:40px;\"><\/div>[\/vc_column][\/vc_row][vc_row][vc_column width=&#8221;1\/2&#8243;][vc_single_image image=&#8221;140&#8243; alignment=&#8221;none&#8221;][\/vc_column][vc_column width=&#8221;1\/2&#8243;][vc_column_text]\n<h4 style=\"margin-top: 0;\">Don\u2019t just search: find!<\/h4>\n<p>Thanks to our music department and their constant involvement in the music industry, we recognise and add them to the Music Engine archive trends and hits before they take the charts by storm. If it should happen that one of your customers asks for a song that is not in the music library, contact our Music Engine update customer service.<\/p>\n<p>Dies bedeutet, dass Sie als Music Engine und Update Kunde, jederzeit die M\u00f6glichkeit haben uns Ihre Musikw\u00fcnsche mitzuteilen. Diese werden beim n\u00e4chsten Update garantiert ber\u00fccksichtigt. Senden Sie uns Ihren <strong><a style=\"padding: 2px;\" href=\"https:\/\/www.music-engine.eu\/en\/services\/songrequest\/\">song requests via online form<\/a><\/strong> or contact our <strong><a style=\"padding: 2px;\" href=\"mailto:musikwunsch@music-engine.eu\">music editors<\/a> directly.<\/strong><\/p>\n<p><strong>Updates \u2013 only when necessary <\/strong><br \/>\nNo one likes subsequent costs \u2013 that\u2019s why, when you buy a Music Engine, there is no obligation to sign an update contract. If you so wish, you can choose from a few update variations.[\/vc_column_text][\/vc_column][\/vc_row][vc_row][vc_column]<div class=\"vcex-spacing wpex-w-100 wpex-clear\" style=\"height:20px;\"><\/div>[vc_column_text]\n<h4>Always up to date and in tune:<\/h4>\n[\/vc_column_text]<div class=\"vcex-spacing wpex-w-100 wpex-clear\" style=\"height:20px;\"><\/div><style>.vcex-list_item.vcex_69f434a75a202 .vcex-list-item-icon-inner{color:#63a533;}<\/style><div class=\"vcex-list_item vcex-module wpex-m-0 wpex-max-w-100 wpex-mb-5 vcex_69f434a75a202\"><div class=\"vcex-list-item-inner wpex-inline-flex wpex-flex-no-wrap\"><div class=\"vcex-list-item-icon wpex-mr-10\"><div class=\"vcex-list-item-icon-inner vcex-icon-wrap wpex-inline-flex wpex-justify-center wpex-items-center wpex-leading-none wpex-child-inherit-color\"><span class=\"wpex-icon--w wpex-icon\" aria-hidden=\"true\"><svg xmlns=\"http:\/\/www.w3.org\/2000\/svg\" viewBox=\"0 0 448 512\"><path d=\"M438.6 105.4c12.5 12.5 12.5 32.8 0 45.3l-256 256c-12.5 12.5-32.8 12.5-45.3 0l-128-128c-12.5-12.5-12.5-32.8 0-45.3s32.8-12.5 45.3 0L160 338.7 393.4 105.4c12.5-12.5 32.8-12.5 45.3 0z\"\/><\/svg><\/span><\/div><\/div><div class=\"vcex-list-item-text vcex-content wpex-flex-grow\">You will receive 12 DVDs a year with the latest hits, best classics, club tunes, bar jazz, caf\u00e9 del mar, lounge, international charts and many other genres. <\/div><\/div><\/div><style>.vcex-list_item.vcex_69f434a75a740 .vcex-list-item-icon-inner{color:#63a533;}<\/style><div class=\"vcex-list_item vcex-module wpex-m-0 wpex-max-w-100 wpex-mb-5 vcex_69f434a75a740\"><div class=\"vcex-list-item-inner wpex-inline-flex wpex-flex-no-wrap\"><div class=\"vcex-list-item-icon wpex-mr-10\"><div class=\"vcex-list-item-icon-inner vcex-icon-wrap wpex-inline-flex wpex-justify-center wpex-items-center wpex-leading-none wpex-child-inherit-color\"><span class=\"wpex-icon--w wpex-icon\" aria-hidden=\"true\"><svg xmlns=\"http:\/\/www.w3.org\/2000\/svg\" viewBox=\"0 0 448 512\"><path d=\"M438.6 105.4c12.5 12.5 12.5 32.8 0 45.3l-256 256c-12.5 12.5-32.8 12.5-45.3 0l-128-128c-12.5-12.5-12.5-32.8 0-45.3s32.8-12.5 45.3 0L160 338.7 393.4 105.4c12.5-12.5 32.8-12.5 45.3 0z\"\/><\/svg><\/span><\/div><\/div><div class=\"vcex-list-item-text vcex-content wpex-flex-grow\">Update twice a year: we will send a DVD in May and November with the last 5 moths\u2019 updates. This way, you will receive the same repertoire, but only every half a year. For many of our clients, especially those in seasonal business, this is sufficient. <\/div><\/div><\/div><style>.vcex-list_item.vcex_69f434a75abfa .vcex-list-item-icon-inner{color:#63a533;}<\/style><div class=\"vcex-list_item vcex-module wpex-m-0 wpex-max-w-100 wpex-mb-5 vcex_69f434a75abfa\"><div class=\"vcex-list-item-inner wpex-inline-flex wpex-flex-no-wrap\"><div class=\"vcex-list-item-icon wpex-mr-10\"><div class=\"vcex-list-item-icon-inner vcex-icon-wrap wpex-inline-flex wpex-justify-center wpex-items-center wpex-leading-none wpex-child-inherit-color\"><span class=\"wpex-icon--w wpex-icon\" aria-hidden=\"true\"><svg xmlns=\"http:\/\/www.w3.org\/2000\/svg\" viewBox=\"0 0 448 512\"><path d=\"M438.6 105.4c12.5 12.5 12.5 32.8 0 45.3l-256 256c-12.5 12.5-32.8 12.5-45.3 0l-128-128c-12.5-12.5-12.5-32.8 0-45.3s32.8-12.5 45.3 0L160 338.7 393.4 105.4c12.5-12.5 32.8-12.5 45.3 0z\"\/><\/svg><\/span><\/div><\/div><div class=\"vcex-list-item-text vcex-content wpex-flex-grow\">Yearly update: Every November you will receive a DVD with the complete collection of the past year\u2019s updates. This update method is especially popular in hotels, shopping centres and restaurants. <\/div><\/div><\/div><style>.vcex-list_item.vcex_69f434a75b0ca .vcex-list-item-icon-inner{color:#63a533;}<\/style><div class=\"vcex-list_item vcex-module wpex-m-0 wpex-max-w-100 wpex-mb-5 vcex_69f434a75b0ca\"><div class=\"vcex-list-item-inner wpex-inline-flex wpex-flex-no-wrap\"><div class=\"vcex-list-item-icon wpex-mr-10\"><div class=\"vcex-list-item-icon-inner vcex-icon-wrap wpex-inline-flex wpex-justify-center wpex-items-center wpex-leading-none wpex-child-inherit-color\"><span class=\"wpex-icon--w wpex-icon\" aria-hidden=\"true\"><svg xmlns=\"http:\/\/www.w3.org\/2000\/svg\" viewBox=\"0 0 448 512\"><path d=\"M438.6 105.4c12.5 12.5 12.5 32.8 0 45.3l-256 256c-12.5 12.5-32.8 12.5-45.3 0l-128-128c-12.5-12.5-12.5-32.8 0-45.3s32.8-12.5 45.3 0L160 338.7 393.4 105.4c12.5-12.5 32.8-12.5 45.3 0z\"\/><\/svg><\/span><\/div><\/div><div class=\"vcex-list-item-text vcex-content wpex-flex-grow\">Winter update: Your seasonal business is only open in winter? No problem, we offer update solutions for all requirements. For example, say your business is up and running from November-March: you will receive all updates from December-March to keep your Apr\u00e8s Ski guests entertained with the latest hits. The following November you will receive the summer\u2019s update collection. <\/div><\/div><\/div>[\/vc_column][\/vc_row][vc_row][vc_column]<div class=\"vcex-spacing wpex-w-100 wpex-clear hidden-phone page-bottom-spacer\" style=\"height:80px;\"><\/div>[\/vc_column][\/vc_row]\n<\/div>","protected":false},"excerpt":{"rendered":"<p>[vc_row][vc_column][vc_text_separator title=&#8221;Online Update&#8221; style=&#8221;one&#8221; element_type=&#8221;h2&#8243;][vc_column_text css=&#8221;&#8221;]Our online update service is available to all our clients in the convenient and user friendly style we are known for. It is an automatic background download of recently added songs. Songs are automatically added to existing playlists of the same style and an automatic update of the Music Engine&hellip;<\/p>\n","protected":false},"author":1,"featured_media":0,"parent":304,"menu_order":0,"comment_status":"closed","ping_status":"closed","template":"","meta":{"footnotes":""},"class_list":["post-351","page","type-page","status-publish","hentry","entry","no-media"],"yoast_head":"<!-- This site is optimized with the Yoast SEO plugin v27.5 - https:\/\/yoast.com\/product\/yoast-seo-wordpress\/ -->\n<title>Update - Music Engine<\/title>\n<meta name=\"description\" content=\"Updating the song database either online or using a DVD.\" \/>\n<meta name=\"robots\" content=\"index, follow, max-snippet:-1, max-image-preview:large, max-video-preview:-1\" \/>\n<link rel=\"canonical\" href=\"https:\/\/www.music-engine.eu\/en\/services\/update\/\" \/>\n<meta property=\"og:locale\" content=\"en_US\" \/>\n<meta property=\"og:type\" content=\"article\" \/>\n<meta property=\"og:title\" content=\"Update - Music Engine\" \/>\n<meta property=\"og:description\" content=\"Updating the song database either online or using a DVD.\" \/>\n<meta property=\"og:url\" content=\"https:\/\/www.music-engine.eu\/en\/services\/update\/\" \/>\n<meta property=\"og:site_name\" content=\"Music Engine\" \/>\n<meta property=\"article:publisher\" content=\"https:\/\/de-de.facebook.com\/pages\/Music-Engine\/156536634380074\" \/>\n<meta property=\"article:modified_time\" content=\"2025-07-21T21:45:26+00:00\" \/>\n<script type=\"application\/ld+json\" class=\"yoast-schema-graph\">{\"@context\":\"https:\\\/\\\/schema.org\",\"@graph\":[{\"@type\":\"WebPage\",\"@id\":\"https:\\\/\\\/www.music-engine.eu\\\/en\\\/services\\\/update\\\/\",\"url\":\"https:\\\/\\\/www.music-engine.eu\\\/en\\\/services\\\/update\\\/\",\"name\":\"Update - Music Engine\",\"isPartOf\":{\"@id\":\"https:\\\/\\\/www.music-engine.eu\\\/#website\"},\"datePublished\":\"2014-09-06T19:08:12+00:00\",\"dateModified\":\"2025-07-21T21:45:26+00:00\",\"description\":\"Updating the song database either online or using a DVD.\",\"breadcrumb\":{\"@id\":\"https:\\\/\\\/www.music-engine.eu\\\/en\\\/services\\\/update\\\/#breadcrumb\"},\"inLanguage\":\"en-US\",\"potentialAction\":[{\"@type\":\"ReadAction\",\"target\":[\"https:\\\/\\\/www.music-engine.eu\\\/en\\\/services\\\/update\\\/\"]}]},{\"@type\":\"BreadcrumbList\",\"@id\":\"https:\\\/\\\/www.music-engine.eu\\\/en\\\/services\\\/update\\\/#breadcrumb\",\"itemListElement\":[{\"@type\":\"ListItem\",\"position\":1,\"name\":\"Home\",\"item\":\"https:\\\/\\\/www.music-engine.eu\\\/en\\\/\"},{\"@type\":\"ListItem\",\"position\":2,\"name\":\"Services\",\"item\":\"https:\\\/\\\/www.music-engine.eu\\\/en\\\/services\\\/\"},{\"@type\":\"ListItem\",\"position\":3,\"name\":\"Update\"}]},{\"@type\":\"WebSite\",\"@id\":\"https:\\\/\\\/www.music-engine.eu\\\/#website\",\"url\":\"https:\\\/\\\/www.music-engine.eu\\\/\",\"name\":\"Music Engine\",\"description\":\"Musikcomputer &amp; Streaming Radio\",\"publisher\":{\"@id\":\"https:\\\/\\\/www.music-engine.eu\\\/#organization\"},\"potentialAction\":[{\"@type\":\"SearchAction\",\"target\":{\"@type\":\"EntryPoint\",\"urlTemplate\":\"https:\\\/\\\/www.music-engine.eu\\\/?s={search_term_string}\"},\"query-input\":{\"@type\":\"PropertyValueSpecification\",\"valueRequired\":true,\"valueName\":\"search_term_string\"}}],\"inLanguage\":\"en-US\"},{\"@type\":\"Organization\",\"@id\":\"https:\\\/\\\/www.music-engine.eu\\\/#organization\",\"name\":\"Music Engine\",\"url\":\"https:\\\/\\\/www.music-engine.eu\\\/\",\"logo\":{\"@type\":\"ImageObject\",\"inLanguage\":\"en-US\",\"@id\":\"https:\\\/\\\/www.music-engine.eu\\\/#\\\/schema\\\/logo\\\/image\\\/\",\"url\":\"https:\\\/\\\/www.music-engine.eu\\\/wp-content\\\/uploads\\\/2014\\\/09\\\/Me-logo-slider.png\",\"contentUrl\":\"https:\\\/\\\/www.music-engine.eu\\\/wp-content\\\/uploads\\\/2014\\\/09\\\/Me-logo-slider.png\",\"width\":150,\"height\":147,\"caption\":\"Music Engine\"},\"image\":{\"@id\":\"https:\\\/\\\/www.music-engine.eu\\\/#\\\/schema\\\/logo\\\/image\\\/\"},\"sameAs\":[\"https:\\\/\\\/de-de.facebook.com\\\/pages\\\/Music-Engine\\\/156536634380074\",\"https:\\\/\\\/www.youtube.com\\\/channel\\\/UCokgWjA1VPREFPRh3rezsoA\"]}]}<\/script>\n<!-- \/ Yoast SEO plugin. -->","yoast_head_json":{"title":"Update - Music Engine","description":"Updating the song database either online or using a DVD.","robots":{"index":"index","follow":"follow","max-snippet":"max-snippet:-1","max-image-preview":"max-image-preview:large","max-video-preview":"max-video-preview:-1"},"canonical":"https:\/\/www.music-engine.eu\/en\/services\/update\/","og_locale":"en_US","og_type":"article","og_title":"Update - Music Engine","og_description":"Updating the song database either online or using a DVD.","og_url":"https:\/\/www.music-engine.eu\/en\/services\/update\/","og_site_name":"Music Engine","article_publisher":"https:\/\/de-de.facebook.com\/pages\/Music-Engine\/156536634380074","article_modified_time":"2025-07-21T21:45:26+00:00","schema":{"@context":"https:\/\/schema.org","@graph":[{"@type":"WebPage","@id":"https:\/\/www.music-engine.eu\/en\/services\/update\/","url":"https:\/\/www.music-engine.eu\/en\/services\/update\/","name":"Update - Music Engine","isPartOf":{"@id":"https:\/\/www.music-engine.eu\/#website"},"datePublished":"2014-09-06T19:08:12+00:00","dateModified":"2025-07-21T21:45:26+00:00","description":"Updating the song database either online or using a DVD.","breadcrumb":{"@id":"https:\/\/www.music-engine.eu\/en\/services\/update\/#breadcrumb"},"inLanguage":"en-US","potentialAction":[{"@type":"ReadAction","target":["https:\/\/www.music-engine.eu\/en\/services\/update\/"]}]},{"@type":"BreadcrumbList","@id":"https:\/\/www.music-engine.eu\/en\/services\/update\/#breadcrumb","itemListElement":[{"@type":"ListItem","position":1,"name":"Home","item":"https:\/\/www.music-engine.eu\/en\/"},{"@type":"ListItem","position":2,"name":"Services","item":"https:\/\/www.music-engine.eu\/en\/services\/"},{"@type":"ListItem","position":3,"name":"Update"}]},{"@type":"WebSite","@id":"https:\/\/www.music-engine.eu\/#website","url":"https:\/\/www.music-engine.eu\/","name":"Music Engine","description":"Musikcomputer &amp; Streaming Radio","publisher":{"@id":"https:\/\/www.music-engine.eu\/#organization"},"potentialAction":[{"@type":"SearchAction","target":{"@type":"EntryPoint","urlTemplate":"https:\/\/www.music-engine.eu\/?s={search_term_string}"},"query-input":{"@type":"PropertyValueSpecification","valueRequired":true,"valueName":"search_term_string"}}],"inLanguage":"en-US"},{"@type":"Organization","@id":"https:\/\/www.music-engine.eu\/#organization","name":"Music Engine","url":"https:\/\/www.music-engine.eu\/","logo":{"@type":"ImageObject","inLanguage":"en-US","@id":"https:\/\/www.music-engine.eu\/#\/schema\/logo\/image\/","url":"https:\/\/www.music-engine.eu\/wp-content\/uploads\/2014\/09\/Me-logo-slider.png","contentUrl":"https:\/\/www.music-engine.eu\/wp-content\/uploads\/2014\/09\/Me-logo-slider.png","width":150,"height":147,"caption":"Music Engine"},"image":{"@id":"https:\/\/www.music-engine.eu\/#\/schema\/logo\/image\/"},"sameAs":["https:\/\/de-de.facebook.com\/pages\/Music-Engine\/156536634380074","https:\/\/www.youtube.com\/channel\/UCokgWjA1VPREFPRh3rezsoA"]}]}},"_links":{"self":[{"href":"https:\/\/www.music-engine.eu\/en\/wp-json\/wp\/v2\/pages\/351","targetHints":{"allow":["GET"]}}],"collection":[{"href":"https:\/\/www.music-engine.eu\/en\/wp-json\/wp\/v2\/pages"}],"about":[{"href":"https:\/\/www.music-engine.eu\/en\/wp-json\/wp\/v2\/types\/page"}],"author":[{"embeddable":true,"href":"https:\/\/www.music-engine.eu\/en\/wp-json\/wp\/v2\/users\/1"}],"replies":[{"embeddable":true,"href":"https:\/\/www.music-engine.eu\/en\/wp-json\/wp\/v2\/comments?post=351"}],"version-history":[{"count":5,"href":"https:\/\/www.music-engine.eu\/en\/wp-json\/wp\/v2\/pages\/351\/revisions"}],"predecessor-version":[{"id":1771,"href":"https:\/\/www.music-engine.eu\/en\/wp-json\/wp\/v2\/pages\/351\/revisions\/1771"}],"up":[{"embeddable":true,"href":"https:\/\/www.music-engine.eu\/en\/wp-json\/wp\/v2\/pages\/304"}],"wp:attachment":[{"href":"https:\/\/www.music-engine.eu\/en\/wp-json\/wp\/v2\/media?parent=351"}],"curies":[{"name":"wp","href":"https:\/\/api.w.org\/{rel}","templated":true}]}}